{"id":261,"date":"2004-10-10T14:09:19","date_gmt":"2004-10-10T14:09:19","guid":{"rendered":"https:\/\/www.aylikdergisi.com\/?page_id=261"},"modified":"2024-01-07T08:04:44","modified_gmt":"2024-01-07T08:04:44","slug":"hakkimizda","status":"publish","type":"page","link":"https:\/\/www.aylikdergisi.com\/index.php\/hakkimizda\/","title":{"rendered":"Hakk\u0131m\u0131zda"},"content":{"rendered":"<p>Tarafs\u0131z, kimliksiz, fikirsiz, renksiz de\u011filiz. B\u00fcy\u00fck Do\u011fu-\u0130bda fikriyat\u0131na ba\u011fl\u0131y\u0131z ve \u201cen k\u00fc\u00e7\u00fck \u00e7aplarda bile do\u011fru politika\u201d ilkesi gere\u011fi bir yay\u0131n organ\u0131n\u0131n \u201cnas\u0131l\u201d\u0131n\u0131 g\u00f6stermek, i\u015flevini yerine getirmek, \u201cK\u00e2im ve D\u00e2im\u201d olmak amac\u0131nday\u0131z!<\/p>\n<p>Toplumun genel fikir \u00e7er\u00e7evesine B\u00fcy\u00fck Do\u011fu\u2019yu yerle\u015ftirmek i\u00e7in \u00f6nce \u201cyeni bir d\u00fcnya g\u00f6r\u00fc\u015f\u00fc ve bunun taraftarlar\u0131nca \u00f6z\u00fcmlenmesi\u201d ve sonra siyas\u00ee davran\u0131\u015fa y\u00f6nelme ve y\u00f6neltme amac\u0131nday\u0131z! \u00c7\u00fcnk\u00fc, \u0130slami bir \u015fuurlanma ve hadiselere do\u011fru tepki verme, siyas\u00ee anlay\u0131\u015f\u0131n i\u00e7inde do\u011far. Siyas\u00ee \u015fuur ve siyas\u00ee tav\u0131r; ideolocyan\u0131n g\u00f6r\u00fcn\u00fc\u015f\u00fc ve canl\u0131l\u0131\u011f\u0131d\u0131r&#8230; Sistem \u015fuuru ve sistemin \u015fuuruyla siyaset. Siyas\u00ee tavr\u0131m\u0131z\u0131 bor\u00e7lu oldu\u011fumuz sistem (BD-\u0130BDA), bu sistemin \u015fuuruyla e\u015fya ve hadiseleri de\u011ferlendirmek, siyas\u00ee, i\u00e7tima\u00ee, iktisad\u00ee, asker\u00ee vs. hi\u00e7 biri ihmal edilemez hayat\u0131n her alan\u0131nda.<\/p>\n<p>\u201c\u0130ktidar i\u00e7in fikir!\u201d de\u011fil, \u201cfikir i\u00e7in iktidar!\u201d<\/p>\n<p>Fikir i\u00e7in vas\u0131ta-gazete, dergi vs&#8230; Vas\u0131ta i\u00e7in rastgele fikir de\u011fil. Dolay\u0131s\u0131yla, medya i\u00e7inde yer edinmeye bakan di\u011fer gazete ve dergilerle fark\u0131m\u0131z budur.<\/p>\n<p style=\"text-align: center;\">***<\/p>\n<p>Ayl\u0131k Dergisi, 1 Ekim 2004&#8217;te yay\u0131n hayat\u0131na ba\u015flam\u0131\u015f olup \u015eubat 2023&#8217;e kadar (18 y\u0131l) her ay aral\u0131ks\u0131z 209 say\u0131 \u00e7\u0131km\u0131\u015ft\u0131r. Mart 2022 tarihinde ise 2007&#8217;den beri B\u00fcy\u00fck Do\u011fu-\u0130bda \u00e7izgisinde yay\u0131n yapan Haftal\u0131k Baran Dergisiyle birle\u015ferek bu tarihten itibaren de &#8220;Ayl\u0131k Baran&#8221; ismini alm\u0131\u015ft\u0131r. Yay\u0131n hayat\u0131na devam etmektedir: <a href=\"https:\/\/aylikbaran.com\/\" target=\"_blank\" rel=\"noopener\">https:\/\/aylikbaran.com\/<\/a><\/p>\n<p style=\"text-align: center;\">***<\/p>\n<p>Ayl\u0131k Dergisi&#8217;nin sahibi ve yaz\u0131 i\u015fleri m\u00fcd\u00fcrl\u00fc\u011f\u00fcn\u00fc ise s\u0131ras\u0131yla \u015fu isimler yapm\u0131\u015ft\u0131r:<\/p>\n<p>\u0130brahim Keskin, Cem Y\u0131lmaz, \u0130smail \u00d6ztekin, Mahmut Bilal \u0130nci.<\/p>\n","protected":false},"excerpt":{"rendered":"<p>Tarafs\u0131z, kimliksiz, fikirsiz, renksiz de\u011filiz. B\u00fcy\u00fck Do\u011fu-\u0130bda fikriyat\u0131na ba\u011fl\u0131y\u0131z ve \u201cen k\u00fc\u00e7\u00fck \u00e7aplarda bile do\u011fru politika\u201d ilkesi gere\u011fi bir yay\u0131n organ\u0131n\u0131n \u201cnas\u0131l\u201d\u0131n\u0131 g\u00f6stermek, i\u015flevini yerine getirmek, \u201cK\u00e2im ve D\u00e2im\u201d olmak&hellip;<\/p>\n","protected":false},"author":1,"featured_media":0,"parent":0,"menu_order":0,"comment_status":"closed","ping_status":"closed","template":"","meta":{"footnotes":""},"ppma_author":[14],"class_list":["post-261","page","type-page","status-publish","hentry","author-admin","no-post-thumbnail"],"yoast_head":"<!-- This site is optimized with the Yoast SEO plugin v26.8 - https:\/\/yoast.com\/product\/yoast-seo-wordpress\/ -->\n<title>Hakk\u0131m\u0131zda - Ayl\u0131k Dergisi<\/title>\n<meta name=\"robots\" content=\"index, follow, max-snippet:-1, max-image-preview:large, max-video-preview:-1\" \/>\n<link rel=\"canonical\" href=\"https:\/\/www.aylikdergisi.com\/index.php\/hakkimizda\/\" \/>\n<meta property=\"og:locale\" content=\"tr_TR\" \/>\n<meta property=\"og:type\" content=\"article\" \/>\n<meta property=\"og:title\" content=\"Hakk\u0131m\u0131zda - Ayl\u0131k Dergisi\" \/>\n<meta property=\"og:description\" content=\"Tarafs\u0131z, kimliksiz, fikirsiz, renksiz de\u011filiz. B\u00fcy\u00fck Do\u011fu-\u0130bda fikriyat\u0131na ba\u011fl\u0131y\u0131z ve \u201cen k\u00fc\u00e7\u00fck \u00e7aplarda bile do\u011fru politika\u201d ilkesi gere\u011fi bir yay\u0131n organ\u0131n\u0131n \u201cnas\u0131l\u201d\u0131n\u0131 g\u00f6stermek, i\u015flevini yerine getirmek, \u201cK\u00e2im ve D\u00e2im\u201d olmak&hellip;\" \/>\n<meta property=\"og:url\" content=\"https:\/\/www.aylikdergisi.com\/index.php\/hakkimizda\/\" \/>\n<meta property=\"og:site_name\" content=\"Ayl\u0131k Dergisi\" \/>\n<meta property=\"article:publisher\" content=\"https:\/\/www.facebook.com\/AylikBaranDergisi\" \/>\n<meta property=\"article:modified_time\" content=\"2024-01-07T08:04:44+00:00\" \/>\n<meta name=\"twitter:card\" content=\"summary_large_image\" \/>\n<meta name=\"twitter:site\" content=\"@Aylik_Dergisi\" \/>\n<meta name=\"twitter:label1\" content=\"Tahmini okuma s\u00fcresi\" \/>\n\t<meta name=\"twitter:data1\" content=\"2 dakika\" \/>\n<script type=\"application\/ld+json\" class=\"yoast-schema-graph\">{\"@context\":\"https:\/\/schema.org\",\"@graph\":[{\"@type\":\"WebPage\",\"@id\":\"https:\/\/www.aylikdergisi.com\/index.php\/hakkimizda\/\",\"url\":\"https:\/\/www.aylikdergisi.com\/index.php\/hakkimizda\/\",\"name\":\"Hakk\u0131m\u0131zda - Ayl\u0131k Dergisi\",\"isPartOf\":{\"@id\":\"https:\/\/www.aylikdergisi.com\/#website\"},\"datePublished\":\"2004-10-10T14:09:19+00:00\",\"dateModified\":\"2024-01-07T08:04:44+00:00\",\"breadcrumb\":{\"@id\":\"https:\/\/www.aylikdergisi.com\/index.php\/hakkimizda\/#breadcrumb\"},\"inLanguage\":\"tr\",\"potentialAction\":[{\"@type\":\"ReadAction\",\"target\":[\"https:\/\/www.aylikdergisi.com\/index.php\/hakkimizda\/\"]}]},{\"@type\":\"BreadcrumbList\",\"@id\":\"https:\/\/www.aylikdergisi.com\/index.php\/hakkimizda\/#breadcrumb\",\"itemListElement\":[{\"@type\":\"ListItem\",\"position\":1,\"name\":\"Anasayfa\",\"item\":\"https:\/\/www.aylikdergisi.com\/\"},{\"@type\":\"ListItem\",\"position\":2,\"name\":\"Hakk\u0131m\u0131zda\"}]},{\"@type\":\"WebSite\",\"@id\":\"https:\/\/www.aylikdergisi.com\/#website\",\"url\":\"https:\/\/www.aylikdergisi.com\/\",\"name\":\"Ayl\u0131k Dergisi\",\"description\":\"Fikir, Siyaset, Toplum ve K&uuml;lt&uuml;r Sanat\",\"publisher\":{\"@id\":\"https:\/\/www.aylikdergisi.com\/#organization\"},\"potentialAction\":[{\"@type\":\"SearchAction\",\"target\":{\"@type\":\"EntryPoint\",\"urlTemplate\":\"https:\/\/www.aylikdergisi.com\/?s={search_term_string}\"},\"query-input\":{\"@type\":\"PropertyValueSpecification\",\"valueRequired\":true,\"valueName\":\"search_term_string\"}}],\"inLanguage\":\"tr\"},{\"@type\":\"Organization\",\"@id\":\"https:\/\/www.aylikdergisi.com\/#organization\",\"name\":\"Ayl\u0131k Dergisi\",\"url\":\"https:\/\/www.aylikdergisi.com\/\",\"logo\":{\"@type\":\"ImageObject\",\"inLanguage\":\"tr\",\"@id\":\"https:\/\/www.aylikdergisi.com\/#\/schema\/logo\/image\/\",\"url\":\"http:\/\/aylikdergisi.com\/wp-content\/uploads\/2023\/03\/cropped-aylik-dergisi-logo-taslak.png\",\"contentUrl\":\"http:\/\/aylikdergisi.com\/wp-content\/uploads\/2023\/03\/cropped-aylik-dergisi-logo-taslak.png\",\"width\":380,\"height\":287,\"caption\":\"Ayl\u0131k Dergisi\"},\"image\":{\"@id\":\"https:\/\/www.aylikdergisi.com\/#\/schema\/logo\/image\/\"},\"sameAs\":[\"https:\/\/www.facebook.com\/AylikBaranDergisi\",\"https:\/\/x.com\/Aylik_Dergisi\",\"https:\/\/www.instagram.com\/aylikbarandergisi\/\"]}]}<\/script>\n<!-- \/ Yoast SEO plugin. -->","yoast_head_json":{"title":"Hakk\u0131m\u0131zda - Ayl\u0131k Dergisi","robots":{"index":"index","follow":"follow","max-snippet":"max-snippet:-1","max-image-preview":"max-image-preview:large","max-video-preview":"max-video-preview:-1"},"canonical":"https:\/\/www.aylikdergisi.com\/index.php\/hakkimizda\/","og_locale":"tr_TR","og_type":"article","og_title":"Hakk\u0131m\u0131zda - Ayl\u0131k Dergisi","og_description":"Tarafs\u0131z, kimliksiz, fikirsiz, renksiz de\u011filiz. B\u00fcy\u00fck Do\u011fu-\u0130bda fikriyat\u0131na ba\u011fl\u0131y\u0131z ve \u201cen k\u00fc\u00e7\u00fck \u00e7aplarda bile do\u011fru politika\u201d ilkesi gere\u011fi bir yay\u0131n organ\u0131n\u0131n \u201cnas\u0131l\u201d\u0131n\u0131 g\u00f6stermek, i\u015flevini yerine getirmek, \u201cK\u00e2im ve D\u00e2im\u201d olmak&hellip;","og_url":"https:\/\/www.aylikdergisi.com\/index.php\/hakkimizda\/","og_site_name":"Ayl\u0131k Dergisi","article_publisher":"https:\/\/www.facebook.com\/AylikBaranDergisi","article_modified_time":"2024-01-07T08:04:44+00:00","twitter_card":"summary_large_image","twitter_site":"@Aylik_Dergisi","twitter_misc":{"Tahmini okuma s\u00fcresi":"2 dakika"},"schema":{"@context":"https:\/\/schema.org","@graph":[{"@type":"WebPage","@id":"https:\/\/www.aylikdergisi.com\/index.php\/hakkimizda\/","url":"https:\/\/www.aylikdergisi.com\/index.php\/hakkimizda\/","name":"Hakk\u0131m\u0131zda - Ayl\u0131k Dergisi","isPartOf":{"@id":"https:\/\/www.aylikdergisi.com\/#website"},"datePublished":"2004-10-10T14:09:19+00:00","dateModified":"2024-01-07T08:04:44+00:00","breadcrumb":{"@id":"https:\/\/www.aylikdergisi.com\/index.php\/hakkimizda\/#breadcrumb"},"inLanguage":"tr","potentialAction":[{"@type":"ReadAction","target":["https:\/\/www.aylikdergisi.com\/index.php\/hakkimizda\/"]}]},{"@type":"BreadcrumbList","@id":"https:\/\/www.aylikdergisi.com\/index.php\/hakkimizda\/#breadcrumb","itemListElement":[{"@type":"ListItem","position":1,"name":"Anasayfa","item":"https:\/\/www.aylikdergisi.com\/"},{"@type":"ListItem","position":2,"name":"Hakk\u0131m\u0131zda"}]},{"@type":"WebSite","@id":"https:\/\/www.aylikdergisi.com\/#website","url":"https:\/\/www.aylikdergisi.com\/","name":"Ayl\u0131k Dergisi","description":"Fikir, Siyaset, Toplum ve K&uuml;lt&uuml;r Sanat","publisher":{"@id":"https:\/\/www.aylikdergisi.com\/#organization"},"potentialAction":[{"@type":"SearchAction","target":{"@type":"EntryPoint","urlTemplate":"https:\/\/www.aylikdergisi.com\/?s={search_term_string}"},"query-input":{"@type":"PropertyValueSpecification","valueRequired":true,"valueName":"search_term_string"}}],"inLanguage":"tr"},{"@type":"Organization","@id":"https:\/\/www.aylikdergisi.com\/#organization","name":"Ayl\u0131k Dergisi","url":"https:\/\/www.aylikdergisi.com\/","logo":{"@type":"ImageObject","inLanguage":"tr","@id":"https:\/\/www.aylikdergisi.com\/#\/schema\/logo\/image\/","url":"http:\/\/aylikdergisi.com\/wp-content\/uploads\/2023\/03\/cropped-aylik-dergisi-logo-taslak.png","contentUrl":"http:\/\/aylikdergisi.com\/wp-content\/uploads\/2023\/03\/cropped-aylik-dergisi-logo-taslak.png","width":380,"height":287,"caption":"Ayl\u0131k Dergisi"},"image":{"@id":"https:\/\/www.aylikdergisi.com\/#\/schema\/logo\/image\/"},"sameAs":["https:\/\/www.facebook.com\/AylikBaranDergisi","https:\/\/x.com\/Aylik_Dergisi","https:\/\/www.instagram.com\/aylikbarandergisi\/"]}]}},"_links":{"self":[{"href":"https:\/\/www.aylikdergisi.com\/index.php\/wp-json\/wp\/v2\/pages\/261","targetHints":{"allow":["GET"]}}],"collection":[{"href":"https:\/\/www.aylikdergisi.com\/index.php\/wp-json\/wp\/v2\/pages"}],"about":[{"href":"https:\/\/www.aylikdergisi.com\/index.php\/wp-json\/wp\/v2\/types\/page"}],"author":[{"embeddable":true,"href":"https:\/\/www.aylikdergisi.com\/index.php\/wp-json\/wp\/v2\/users\/1"}],"replies":[{"embeddable":true,"href":"https:\/\/www.aylikdergisi.com\/index.php\/wp-json\/wp\/v2\/comments?post=261"}],"version-history":[{"count":5,"href":"https:\/\/www.aylikdergisi.com\/index.php\/wp-json\/wp\/v2\/pages\/261\/revisions"}],"predecessor-version":[{"id":328,"href":"https:\/\/www.aylikdergisi.com\/index.php\/wp-json\/wp\/v2\/pages\/261\/revisions\/328"}],"wp:attachment":[{"href":"https:\/\/www.aylikdergisi.com\/index.php\/wp-json\/wp\/v2\/media?parent=261"}],"wp:term":[{"taxonomy":"author","embeddable":true,"href":"https:\/\/www.aylikdergisi.com\/index.php\/wp-json\/wp\/v2\/ppma_author?post=261"}],"curies":[{"name":"wp","href":"https:\/\/api.w.org\/{rel}","templated":true}]}}